{"id":192,"date":"2025-11-06T14:44:44","date_gmt":"2025-11-06T14:44:44","guid":{"rendered":"https:\/\/mariabosquesenero.es\/?page_id=192"},"modified":"2025-11-06T15:38:16","modified_gmt":"2025-11-06T15:38:16","slug":"voy-y-locucion","status":"publish","type":"page","link":"https:\/\/mariabosquesenero.es\/?page_id=192","title":{"rendered":"Voz y Locuci\u00f3n"},"content":{"rendered":"\n<p>Periodista con m\u00e1s de una d\u00e9cada de experiencia en radio. <\/p>\n\n\n\n<p>Actriz de doblaje profesional certificada. <\/p>\n\n\n\n<p>Pongo voz a tu proyecto: publicidad, v\u00eddeo corporativo, audiogu\u00eda o cualquier texto que pueda ser narrado. <\/p>\n\n\n\n<p>He sido la voz corporativa de fundaciones en Espa\u00f1a, empresas del sector del motor, y de gu\u00edas tur\u00edsticas en castellano. <\/p>\n\n\n\n<p>Grabaci\u00f3n en estudio propio.<\/p>\n\n\n\n<p><\/p>\n\n\n\n<p><\/p>\n\n\n\n<p>.<\/p>\n\n\n\n<h1><\/h1>\n\n\n\n<div class=\"wp-block-columns is-layout-flex wp-container-core-columns-is-layout-28f84493 wp-block-columns-is-layout-flex\">\n<div class=\"wp-block-column is-layout-flow wp-block-column-is-layout-flow\" style=\"flex-basis:100%\">\n\n<div class=\"wp-block-columns is-layout-flex wp-container-core-columns-is-layout-28f84493 wp-block-columns-is-layout-flex\">\n<div class=\"wp-block-column is-layout-flow wp-block-column-is-layout-flow\">\n<figure class=\"wp-block-image aligncenter size-large\"><img fetchpriority=\"high\" decoding=\"async\" width=\"1024\" height=\"1024\" src=\"https:\/\/mariabosquesenero.es\/wp-content\/uploads\/2025\/11\/ElDiario.es-I-13-1-1024x1024.jpg\" alt=\"\" class=\"wp-image-197\" srcset=\"https:\/\/mariabosquesenero.es\/wp-content\/uploads\/2025\/11\/ElDiario.es-I-13-1-1024x1024.jpg 1024w, https:\/\/mariabosquesenero.es\/wp-content\/uploads\/2025\/11\/ElDiario.es-I-13-1-300x300.jpg 300w, https:\/\/mariabosquesenero.es\/wp-content\/uploads\/2025\/11\/ElDiario.es-I-13-1-150x150.jpg 150w, https:\/\/mariabosquesenero.es\/wp-content\/uploads\/2025\/11\/ElDiario.es-I-13-1-768x768.jpg 768w, https:\/\/mariabosquesenero.es\/wp-content\/uploads\/2025\/11\/ElDiario.es-I-13-1-1536x1536.jpg 1536w, https:\/\/mariabosquesenero.es\/wp-content\/uploads\/2025\/11\/ElDiario.es-I-13-1-2048x2048.jpg 2048w\" sizes=\"(max-width: 1024px) 100vw, 1024px\" \/><figcaption class=\"wp-element-caption\">PUBLICIDAD <\/figcaption><\/figure>\n<\/div>\n\n\n\n<div class=\"wp-block-column is-layout-flow wp-block-column-is-layout-flow\">\n<figure class=\"wp-block-image aligncenter size-large\"><img decoding=\"async\" width=\"1024\" height=\"1024\" src=\"https:\/\/mariabosquesenero.es\/wp-content\/uploads\/2025\/11\/ElDiario.es-I-15-1024x1024.jpg\" alt=\"\" class=\"wp-image-195\" srcset=\"https:\/\/mariabosquesenero.es\/wp-content\/uploads\/2025\/11\/ElDiario.es-I-15-1024x1024.jpg 1024w, https:\/\/mariabosquesenero.es\/wp-content\/uploads\/2025\/11\/ElDiario.es-I-15-300x300.jpg 300w, https:\/\/mariabosquesenero.es\/wp-content\/uploads\/2025\/11\/ElDiario.es-I-15-150x150.jpg 150w, https:\/\/mariabosquesenero.es\/wp-content\/uploads\/2025\/11\/ElDiario.es-I-15-768x768.jpg 768w, https:\/\/mariabosquesenero.es\/wp-content\/uploads\/2025\/11\/ElDiario.es-I-15-1536x1536.jpg 1536w, https:\/\/mariabosquesenero.es\/wp-content\/uploads\/2025\/11\/ElDiario.es-I-15-2048x2048.jpg 2048w\" sizes=\"(max-width: 1024px) 100vw, 1024px\" \/><figcaption class=\"wp-element-caption\">AUDIOGU\u00cdAS<\/figcaption><\/figure>\n<\/div>\n\n\n\n<div class=\"wp-block-column is-layout-flow wp-block-column-is-layout-flow\">\n<figure class=\"wp-block-image aligncenter size-large\"><img decoding=\"async\" width=\"1024\" height=\"1024\" src=\"https:\/\/mariabosquesenero.es\/wp-content\/uploads\/2025\/11\/ElDiario.es-I-14-1024x1024.jpg\" alt=\"\" class=\"wp-image-196\" srcset=\"https:\/\/mariabosquesenero.es\/wp-content\/uploads\/2025\/11\/ElDiario.es-I-14-1024x1024.jpg 1024w, https:\/\/mariabosquesenero.es\/wp-content\/uploads\/2025\/11\/ElDiario.es-I-14-300x300.jpg 300w, https:\/\/mariabosquesenero.es\/wp-content\/uploads\/2025\/11\/ElDiario.es-I-14-150x150.jpg 150w, https:\/\/mariabosquesenero.es\/wp-content\/uploads\/2025\/11\/ElDiario.es-I-14-768x768.jpg 768w, https:\/\/mariabosquesenero.es\/wp-content\/uploads\/2025\/11\/ElDiario.es-I-14-1536x1536.jpg 1536w, https:\/\/mariabosquesenero.es\/wp-content\/uploads\/2025\/11\/ElDiario.es-I-14-2048x2048.jpg 2048w\" sizes=\"(max-width: 1024px) 100vw, 1024px\" \/><figcaption class=\"wp-element-caption\">V\u00cdDEOS CORPORATIVOS y DOCUMENTALES<\/figcaption><\/figure>\n<\/div>\n<\/div>\n\n<\/div>\n<\/div>\n\n\n\n<div class=\"wp-block-columns is-layout-flex wp-container-core-columns-is-layout-28f84493 wp-block-columns-is-layout-flex\">\n<div class=\"wp-block-column is-layout-flow wp-block-column-is-layout-flow\" style=\"flex-basis:100%\">\n<div class=\"wp-block-columns is-layout-flex wp-container-core-columns-is-layout-28f84493 wp-block-columns-is-layout-flex\">\n<div class=\"wp-block-column is-layout-flow wp-block-column-is-layout-flow\" style=\"flex-basis:100%\">\n\n<div class=\"wp-block-columns is-layout-flex wp-container-core-columns-is-layout-28f84493 wp-block-columns-is-layout-flex\">\n<div class=\"wp-block-column is-layout-flow wp-block-column-is-layout-flow\">\n<figure class=\"wp-block-image size-large is-style-rounded\"><a href=\"https:\/\/www.youtube.com\/watch?v=qws0slh6KTg\"><img loading=\"lazy\" decoding=\"async\" width=\"1024\" height=\"1024\" src=\"https:\/\/mariabosquesenero.es\/wp-content\/uploads\/2025\/11\/ElDiario.es-I-17-1024x1024.jpg\" alt=\"\" class=\"wp-image-205\" srcset=\"https:\/\/mariabosquesenero.es\/wp-content\/uploads\/2025\/11\/ElDiario.es-I-17-1024x1024.jpg 1024w, https:\/\/mariabosquesenero.es\/wp-content\/uploads\/2025\/11\/ElDiario.es-I-17-300x300.jpg 300w, https:\/\/mariabosquesenero.es\/wp-content\/uploads\/2025\/11\/ElDiario.es-I-17-150x150.jpg 150w, https:\/\/mariabosquesenero.es\/wp-content\/uploads\/2025\/11\/ElDiario.es-I-17-768x768.jpg 768w, https:\/\/mariabosquesenero.es\/wp-content\/uploads\/2025\/11\/ElDiario.es-I-17.jpg 1080w\" sizes=\"(max-width: 1024px) 100vw, 1024px\" \/><\/a><\/figure>\n\n\n\n<figure class=\"wp-block-image size-large is-style-rounded\"><a href=\"https:\/\/vimeo.com\/1122115824\"><img loading=\"lazy\" decoding=\"async\" width=\"1024\" height=\"1024\" src=\"https:\/\/mariabosquesenero.es\/wp-content\/uploads\/2025\/11\/ElDiario.es-I-21-1024x1024.jpg\" alt=\"\" class=\"wp-image-209\" srcset=\"https:\/\/mariabosquesenero.es\/wp-content\/uploads\/2025\/11\/ElDiario.es-I-21-1024x1024.jpg 1024w, https:\/\/mariabosquesenero.es\/wp-content\/uploads\/2025\/11\/ElDiario.es-I-21-300x300.jpg 300w, https:\/\/mariabosquesenero.es\/wp-content\/uploads\/2025\/11\/ElDiario.es-I-21-150x150.jpg 150w, https:\/\/mariabosquesenero.es\/wp-content\/uploads\/2025\/11\/ElDiario.es-I-21-768x768.jpg 768w, https:\/\/mariabosquesenero.es\/wp-content\/uploads\/2025\/11\/ElDiario.es-I-21.jpg 1080w\" sizes=\"(max-width: 1024px) 100vw, 1024px\" \/><\/a><\/figure>\n\n\n\n<figure class=\"wp-block-image size-large is-style-rounded\"><a href=\"https:\/\/www.youtube.com\/watch?v=QzvjqZZxwCk\"><img loading=\"lazy\" decoding=\"async\" width=\"1024\" height=\"1024\" src=\"https:\/\/mariabosquesenero.es\/wp-content\/uploads\/2025\/11\/ElDiario.es-I-19-1024x1024.jpg\" alt=\"\" class=\"wp-image-207\" srcset=\"https:\/\/mariabosquesenero.es\/wp-content\/uploads\/2025\/11\/ElDiario.es-I-19-1024x1024.jpg 1024w, https:\/\/mariabosquesenero.es\/wp-content\/uploads\/2025\/11\/ElDiario.es-I-19-300x300.jpg 300w, https:\/\/mariabosquesenero.es\/wp-content\/uploads\/2025\/11\/ElDiario.es-I-19-150x150.jpg 150w, https:\/\/mariabosquesenero.es\/wp-content\/uploads\/2025\/11\/ElDiario.es-I-19-768x768.jpg 768w, https:\/\/mariabosquesenero.es\/wp-content\/uploads\/2025\/11\/ElDiario.es-I-19.jpg 1080w\" sizes=\"(max-width: 1024px) 100vw, 1024px\" \/><\/a><\/figure>\n<\/div>\n\n\n\n<div class=\"wp-block-column is-layout-flow wp-block-column-is-layout-flow\">\n<figure class=\"wp-block-image size-large is-style-rounded\"><a href=\"https:\/\/www.youtube.com\/watch?v=HlbxBtcenSY\"><img loading=\"lazy\" decoding=\"async\" width=\"1024\" height=\"1024\" src=\"https:\/\/mariabosquesenero.es\/wp-content\/uploads\/2025\/11\/ElDiario.es-I-18-1024x1024.jpg\" alt=\"\" class=\"wp-image-206\" srcset=\"https:\/\/mariabosquesenero.es\/wp-content\/uploads\/2025\/11\/ElDiario.es-I-18-1024x1024.jpg 1024w, https:\/\/mariabosquesenero.es\/wp-content\/uploads\/2025\/11\/ElDiario.es-I-18-300x300.jpg 300w, https:\/\/mariabosquesenero.es\/wp-content\/uploads\/2025\/11\/ElDiario.es-I-18-150x150.jpg 150w, https:\/\/mariabosquesenero.es\/wp-content\/uploads\/2025\/11\/ElDiario.es-I-18-768x768.jpg 768w, https:\/\/mariabosquesenero.es\/wp-content\/uploads\/2025\/11\/ElDiario.es-I-18.jpg 1080w\" sizes=\"(max-width: 1024px) 100vw, 1024px\" \/><\/a><\/figure>\n\n\n\n<figure class=\"wp-block-image size-large is-style-rounded\"><a href=\"https:\/\/www.youtube.com\/watch?v=stPcvuMz61w&amp;t=5s\"><img loading=\"lazy\" decoding=\"async\" width=\"1024\" height=\"1024\" src=\"https:\/\/mariabosquesenero.es\/wp-content\/uploads\/2025\/11\/ElDiario.es-I-22-1024x1024.jpg\" alt=\"\" class=\"wp-image-210\" srcset=\"https:\/\/mariabosquesenero.es\/wp-content\/uploads\/2025\/11\/ElDiario.es-I-22-1024x1024.jpg 1024w, https:\/\/mariabosquesenero.es\/wp-content\/uploads\/2025\/11\/ElDiario.es-I-22-300x300.jpg 300w, https:\/\/mariabosquesenero.es\/wp-content\/uploads\/2025\/11\/ElDiario.es-I-22-150x150.jpg 150w, https:\/\/mariabosquesenero.es\/wp-content\/uploads\/2025\/11\/ElDiario.es-I-22-768x768.jpg 768w, https:\/\/mariabosquesenero.es\/wp-content\/uploads\/2025\/11\/ElDiario.es-I-22.jpg 1080w\" sizes=\"(max-width: 1024px) 100vw, 1024px\" \/><\/a><\/figure>\n\n\n\n<figure class=\"wp-block-image size-large is-style-rounded\"><a href=\"https:\/\/www.youtube.com\/watch?v=oe0sLANeNJI\"><img loading=\"lazy\" decoding=\"async\" width=\"1024\" height=\"1024\" src=\"https:\/\/mariabosquesenero.es\/wp-content\/uploads\/2025\/11\/ElDiario.es-I-20-1024x1024.jpg\" alt=\"\" class=\"wp-image-208\" srcset=\"https:\/\/mariabosquesenero.es\/wp-content\/uploads\/2025\/11\/ElDiario.es-I-20-1024x1024.jpg 1024w, https:\/\/mariabosquesenero.es\/wp-content\/uploads\/2025\/11\/ElDiario.es-I-20-300x300.jpg 300w, https:\/\/mariabosquesenero.es\/wp-content\/uploads\/2025\/11\/ElDiario.es-I-20-150x150.jpg 150w, https:\/\/mariabosquesenero.es\/wp-content\/uploads\/2025\/11\/ElDiario.es-I-20-768x768.jpg 768w, https:\/\/mariabosquesenero.es\/wp-content\/uploads\/2025\/11\/ElDiario.es-I-20.jpg 1080w\" sizes=\"(max-width: 1024px) 100vw, 1024px\" \/><\/a><\/figure>\n<\/div>\n<\/div>\n\n<\/div>\n<\/div>\n<\/div>\n<\/div>\n\n\n\n<p><\/p>\n","protected":false},"excerpt":{"rendered":"<p>Periodista con m\u00e1s de una d\u00e9cada de experiencia en radio. Actriz de doblaje profesional certificada. Pongo voz a tu proyecto: publicidad, v\u00eddeo corporativo, audiogu\u00eda o cualquier texto que pueda ser narrado. He sido la voz corporativa de fundaciones en Espa\u00f1a, empresas del sector del motor, y de gu\u00edas tur\u00edsticas en castellano. Grabaci\u00f3n en estudio propio. [&hellip;]<\/p>\n","protected":false},"author":1,"featured_media":0,"parent":0,"menu_order":0,"comment_status":"closed","ping_status":"closed","template":"","meta":{"pagelayer_contact_templates":[],"_pagelayer_content":"","footnotes":""},"class_list":["post-192","page","type-page","status-publish","hentry"],"_links":{"self":[{"href":"https:\/\/mariabosquesenero.es\/index.php?rest_route=\/wp\/v2\/pages\/192","targetHints":{"allow":["GET"]}}],"collection":[{"href":"https:\/\/mariabosquesenero.es\/index.php?rest_route=\/wp\/v2\/pages"}],"about":[{"href":"https:\/\/mariabosquesenero.es\/index.php?rest_route=\/wp\/v2\/types\/page"}],"author":[{"embeddable":true,"href":"https:\/\/mariabosquesenero.es\/index.php?rest_route=\/wp\/v2\/users\/1"}],"replies":[{"embeddable":true,"href":"https:\/\/mariabosquesenero.es\/index.php?rest_route=%2Fwp%2Fv2%2Fcomments&post=192"}],"version-history":[{"count":7,"href":"https:\/\/mariabosquesenero.es\/index.php?rest_route=\/wp\/v2\/pages\/192\/revisions"}],"predecessor-version":[{"id":225,"href":"https:\/\/mariabosquesenero.es\/index.php?rest_route=\/wp\/v2\/pages\/192\/revisions\/225"}],"wp:attachment":[{"href":"https:\/\/mariabosquesenero.es\/index.php?rest_route=%2Fwp%2Fv2%2Fmedia&parent=192"}],"curies":[{"name":"wp","href":"https:\/\/api.w.org\/{rel}","templated":true}]}}