{"id":239,"date":"2025-11-06T16:14:12","date_gmt":"2025-11-06T16:14:12","guid":{"rendered":"https:\/\/mariabosquesenero.es\/?page_id=239"},"modified":"2025-11-06T16:17:23","modified_gmt":"2025-11-06T16:17:23","slug":"presentadora-de-tu-evento","status":"publish","type":"page","link":"https:\/\/mariabosquesenero.es\/?page_id=239","title":{"rendered":"Presentadora de tu evento"},"content":{"rendered":"\n<p>Experiencia en actos institucionales, culturales y congresos. <\/p>\n\n\n\n<p>Presentaciones y moderaci\u00f3n de mesas con cercan\u00eda, rigor y dinamismo. <\/p>\n\n\n\n<p>Profesional de la comunicaci\u00f3n encargada de conducir, guiar y dinamizar actos: gesti\u00f3n del tiempo, comunicaci\u00f3n del mensaje, presentaci\u00f3n de ponentes y actuaciones, mantener la atenci\u00f3n del p\u00fablico y resoluci\u00f3n de imprevistos proyectando una imagen relajada, cercana y profesional.<\/p>\n\n\n\n\n\n<div class=\"wp-block-columns is-layout-flex wp-container-core-columns-is-layout-28f84493 wp-block-columns-is-layout-flex\">\n<div class=\"wp-block-column is-layout-flow wp-block-column-is-layout-flow\" style=\"flex-basis:100%\">\n<figure class=\"wp-block-image size-large\"><img fetchpriority=\"high\" decoding=\"async\" width=\"1024\" height=\"731\" src=\"https:\/\/mariabosquesenero.es\/wp-content\/uploads\/2025\/11\/250924_Evento-ZINNAE-11-1024x731.jpg\" alt=\"\" class=\"wp-image-240\" srcset=\"https:\/\/mariabosquesenero.es\/wp-content\/uploads\/2025\/11\/250924_Evento-ZINNAE-11-1024x731.jpg 1024w, https:\/\/mariabosquesenero.es\/wp-content\/uploads\/2025\/11\/250924_Evento-ZINNAE-11-300x214.jpg 300w, https:\/\/mariabosquesenero.es\/wp-content\/uploads\/2025\/11\/250924_Evento-ZINNAE-11-768x549.jpg 768w, https:\/\/mariabosquesenero.es\/wp-content\/uploads\/2025\/11\/250924_Evento-ZINNAE-11-1536x1097.jpg 1536w, https:\/\/mariabosquesenero.es\/wp-content\/uploads\/2025\/11\/250924_Evento-ZINNAE-11-2048x1463.jpg 2048w\" sizes=\"(max-width: 1024px) 100vw, 1024px\" \/><\/figure>\n<\/div>\n<\/div>\n\n\n\n<div class=\"wp-block-columns is-layout-flex wp-container-core-columns-is-layout-28f84493 wp-block-columns-is-layout-flex\">\n<div class=\"wp-block-column is-layout-flow wp-block-column-is-layout-flow\" style=\"flex-basis:100%\">\n<div class=\"wp-block-columns is-layout-flex wp-container-core-columns-is-layout-28f84493 wp-block-columns-is-layout-flex\">\n<div class=\"wp-block-column is-layout-flow wp-block-column-is-layout-flow\" style=\"flex-basis:100%\">\n<div class=\"wp-block-columns is-layout-flex wp-container-core-columns-is-layout-28f84493 wp-block-columns-is-layout-flex\">\n<div class=\"wp-block-column is-layout-flow wp-block-column-is-layout-flow\">\n<figure class=\"wp-block-image size-large\"><img decoding=\"async\" width=\"1024\" height=\"1024\" src=\"https:\/\/mariabosquesenero.es\/wp-content\/uploads\/2025\/11\/6-1024x1024.jpg\" alt=\"\" class=\"wp-image-118\" srcset=\"https:\/\/mariabosquesenero.es\/wp-content\/uploads\/2025\/11\/6-1024x1024.jpg 1024w, https:\/\/mariabosquesenero.es\/wp-content\/uploads\/2025\/11\/6-300x300.jpg 300w, https:\/\/mariabosquesenero.es\/wp-content\/uploads\/2025\/11\/6-150x150.jpg 150w, https:\/\/mariabosquesenero.es\/wp-content\/uploads\/2025\/11\/6-768x768.jpg 768w, https:\/\/mariabosquesenero.es\/wp-content\/uploads\/2025\/11\/6-1536x1536.jpg 1536w, https:\/\/mariabosquesenero.es\/wp-content\/uploads\/2025\/11\/6-2048x2048.jpg 2048w\" sizes=\"(max-width: 1024px) 100vw, 1024px\" \/><\/figure>\n<\/div>\n\n\n\n<div class=\"wp-block-column is-layout-flow wp-block-column-is-layout-flow\">\n<figure class=\"wp-block-image size-large\"><img decoding=\"async\" width=\"1024\" height=\"1024\" src=\"https:\/\/mariabosquesenero.es\/wp-content\/uploads\/2025\/11\/25-1024x1024.jpg\" alt=\"\" class=\"wp-image-103\" srcset=\"https:\/\/mariabosquesenero.es\/wp-content\/uploads\/2025\/11\/25-1024x1024.jpg 1024w, https:\/\/mariabosquesenero.es\/wp-content\/uploads\/2025\/11\/25-300x300.jpg 300w, https:\/\/mariabosquesenero.es\/wp-content\/uploads\/2025\/11\/25-150x150.jpg 150w, https:\/\/mariabosquesenero.es\/wp-content\/uploads\/2025\/11\/25-768x768.jpg 768w, https:\/\/mariabosquesenero.es\/wp-content\/uploads\/2025\/11\/25-1536x1536.jpg 1536w, https:\/\/mariabosquesenero.es\/wp-content\/uploads\/2025\/11\/25-2048x2048.jpg 2048w\" sizes=\"(max-width: 1024px) 100vw, 1024px\" \/><\/figure>\n<\/div>\n<\/div>\n<\/div>\n<\/div>\n<\/div>\n<\/div>\n\n\n","protected":false},"excerpt":{"rendered":"<p>Experiencia en actos institucionales, culturales y congresos. Presentaciones y moderaci\u00f3n de mesas con cercan\u00eda, rigor y dinamismo. Profesional de la comunicaci\u00f3n encargada de conducir, guiar y dinamizar actos: gesti\u00f3n del tiempo, comunicaci\u00f3n del mensaje, presentaci\u00f3n de ponentes y actuaciones, mantener la atenci\u00f3n del p\u00fablico y resoluci\u00f3n de imprevistos proyectando una imagen relajada, cercana y profesional.<\/p>\n","protected":false},"author":1,"featured_media":0,"parent":0,"menu_order":0,"comment_status":"closed","ping_status":"closed","template":"","meta":{"pagelayer_contact_templates":[],"_pagelayer_content":"","footnotes":""},"class_list":["post-239","page","type-page","status-publish","hentry"],"_links":{"self":[{"href":"https:\/\/mariabosquesenero.es\/index.php?rest_route=\/wp\/v2\/pages\/239","targetHints":{"allow":["GET"]}}],"collection":[{"href":"https:\/\/mariabosquesenero.es\/index.php?rest_route=\/wp\/v2\/pages"}],"about":[{"href":"https:\/\/mariabosquesenero.es\/index.php?rest_route=\/wp\/v2\/types\/page"}],"author":[{"embeddable":true,"href":"https:\/\/mariabosquesenero.es\/index.php?rest_route=\/wp\/v2\/users\/1"}],"replies":[{"embeddable":true,"href":"https:\/\/mariabosquesenero.es\/index.php?rest_route=%2Fwp%2Fv2%2Fcomments&post=239"}],"version-history":[{"count":2,"href":"https:\/\/mariabosquesenero.es\/index.php?rest_route=\/wp\/v2\/pages\/239\/revisions"}],"predecessor-version":[{"id":244,"href":"https:\/\/mariabosquesenero.es\/index.php?rest_route=\/wp\/v2\/pages\/239\/revisions\/244"}],"wp:attachment":[{"href":"https:\/\/mariabosquesenero.es\/index.php?rest_route=%2Fwp%2Fv2%2Fmedia&parent=239"}],"curies":[{"name":"wp","href":"https:\/\/api.w.org\/{rel}","templated":true}]}}